{"id":561,"date":"2021-11-25T21:00:51","date_gmt":"2021-11-25T21:00:51","guid":{"rendered":"https:\/\/working.simplistics.ca\/fyidoctors\/privacy-policy\/"},"modified":"2022-04-12T18:44:44","modified_gmt":"2022-04-12T18:44:44","slug":"politique-de-confidentialite","status":"publish","type":"page","link":"https:\/\/fyihealthgroup.com\/fr\/politique-de-confidentialite\/","title":{"rendered":"Politique de confidentialit\u00e9"},"content":{"rendered":"\n<p>La pr\u00e9sente politique de confidentialit\u00e9 expose les pratiques en mati\u00e8re de confidentialit\u00e9 pour fyidoctors.com et toutes les pages Web et tous les microsites associ\u00e9s. Cette politique de confidentialit\u00e9 s\u2019applique uniquement \u00e0 l\u2019information recueillie par ce site Web. Elle vous informe de ce qui suit&nbsp;:<\/p>\n\n\n\n<ul class=\"wp-block-list\"><li>Quels renseignements permettant de vous identifier personnellement sont recueillis sur le site Web, comment ils sont utilis\u00e9s et avec qui ils peuvent \u00eatre partag\u00e9s<\/li><li>Les choix qui s\u2019offrent \u00e0 vous concernant l\u2019utilisation de vos donn\u00e9es<\/li><li>Les proc\u00e9dures de s\u00e9curit\u00e9 mises en place pour prot\u00e9ger l\u2019utilisation abusive de vos renseignements<\/li><li>La fa\u00e7on dont vous pouvez faire corriger tout renseignement inexact<\/li><\/ul>\n\n\n\n<h2 class=\"wp-block-heading\"><strong>Collecte, utilisation et partage des renseignements<\/strong><\/h2>\n\n\n\n<p>Fyidoctors est le seul propri\u00e9taire de l\u2019information recueillie sur ce site. Nous n\u2019avons acc\u00e8s qu\u2019aux renseignements que vous nous donnez volontairement par courrier \u00e9lectronique ou par tout autre contact direct. Nous ne vendrons ni ne louerons ces renseignements \u00e0 quiconque.<\/p>\n\n\n\n<p>Nous n\u2019utiliserons vos renseignements que pour vous r\u00e9pondre apr\u00e8s avoir \u00e9t\u00e9 contact\u00e9s par vous. Nous ne partagerons pas ces renseignements avec des tiers en dehors de notre organisation, sauf si cela est n\u00e9cessaire pour r\u00e9pondre \u00e0 votre demande (par exemple, pour exp\u00e9dier une commande).<\/p>\n\n\n\n<p>\u00c0 moins que vous ne nous demandiez de ne pas le faire, nous pourrions \u00e9ventuellement vous contacter par courrier \u00e9lectronique afin de vous informer de nos offres sp\u00e9ciales, de nos nouveaux produits ou services, ou des modifications apport\u00e9es \u00e0 la pr\u00e9sente politique de confidentialit\u00e9.<\/p>\n\n\n\n<h2 class=\"wp-block-heading\"><strong>Acc\u00e8s \u00e0 vos renseignements et emprise sur eux<\/strong><\/h2>\n\n\n\n<p>Vous pouvez \u00e0 tout moment refuser tout contact futur de notre part. Vous pouvez le faire \u00e0 tout moment en nous contactant \u00e0 l\u2019adresse \u00e9lectronique ou au num\u00e9ro de t\u00e9l\u00e9phone indiqu\u00e9s sur notre site Web pour&nbsp;:<\/p>\n\n\n\n<ul class=\"wp-block-list\"><li>voir quelles donn\u00e9es nous poss\u00e9dons sur vous, le cas \u00e9ch\u00e9ant;<\/li><li>faire modifier\/corriger n\u2019importe laquelle de vos donn\u00e9es;<\/li><li>nous demander de supprimer vos donn\u00e9es;<\/li><li>exprimer toute pr\u00e9occupation concernant l\u2019utilisation de vos donn\u00e9es.<\/li><\/ul>\n\n\n\n<h2 class=\"wp-block-heading\"><strong>S\u00e9curit\u00e9<\/strong><\/h2>\n\n\n\n<p>FYidoctors, nous prenons des pr\u00e9cautions pour prot\u00e9ger vos renseignements. Lorsque vous soumettez des renseignements sensibles via le site Web (tels que votre nom, votre adresse \u00e9lectronique et votre num\u00e9ro de t\u00e9l\u00e9phone), ces renseignements sont prot\u00e9g\u00e9s \u00e0 la fois en ligne et hors ligne dans les locaux sp\u00e9cifiques de FYidoctors et de ses partenaires.<\/p>\n\n\n\n<p>Chaque fois que nous recueillons des renseignements sensibles (tels que des donn\u00e9es de carte de cr\u00e9dit), ceux-ci sont crypt\u00e9s et nous sont transmis de mani\u00e8re s\u00e9curis\u00e9e. Vous pouvez le confirmer en recherchant l\u2019ic\u00f4ne d\u2019un cadenas ferm\u00e9 au bas de votre navigateur Web, ou le pr\u00e9fixe \u00ab&nbsp;https&nbsp;\u00bb au d\u00e9but de l\u2019adresse de la page Web.<\/p>\n\n\n\n<p>Si nous utilisons le cryptage pour prot\u00e9ger les renseignements sensibles transmis en ligne, nous prot\u00e9geons \u00e9galement vos renseignements hors ligne. Seuls les employ\u00e9s qui ont besoin de ces renseignements pour effectuer une t\u00e2che particuli\u00e8re (par exemple, la facturation ou le service \u00e0 la client\u00e8le) ont acc\u00e8s aux renseignements permettant d\u2019identifier une personne. Les ordinateurs\/serveurs dans lesquels nous stockons les renseignements permettant d\u2019identifier une personne sont conserv\u00e9s dans un environnement s\u00e9curis\u00e9.<\/p>\n\n\n\n<h2 class=\"wp-block-heading\"><strong>Mises \u00e0 jour<\/strong><\/h2>\n\n\n\n<p>Notre politique de confidentialit\u00e9 peut \u00eatre modifi\u00e9e de temps \u00e0 autre et toutes les mises \u00e0 jour seront publi\u00e9es sur cette page.<\/p>\n\n\n\n<p>Si vous estimez que nous ne respectons pas cette politique de confidentialit\u00e9, veuillez nous contacter par courrier \u00e9lectronique \u00e0 l\u2019adresse suivante&nbsp;: <a href=\"mailto:info@fyidoctors.com\">info@fyidoctors.com<\/a>.<\/p>\n\n\n\n<h2 class=\"wp-block-heading\"><strong>T\u00e9moins<\/strong><\/h2>\n\n\n\n<p>Nous utilisons des t\u00e9moins sur ce site. Un t\u00e9moin est un \u00e9l\u00e9ment de donn\u00e9es stock\u00e9 sur le disque dur d\u2019un visiteur du site pour nous aider \u00e0 am\u00e9liorer votre acc\u00e8s \u00e0 notre site et \u00e0 identifier les visiteurs r\u00e9guliers de notre site. Par exemple, lorsque nous utilisons un t\u00e9moin pour vous identifier, vous n\u2019avez pas \u00e0 s\u00e9lectionner votre emplacement chaque fois, ce qui vous fait gagner du temps sur notre site. Les t\u00e9moins peuvent \u00e9galement nous permettre de suivre et de cibler les int\u00e9r\u00eats de nos utilisateurs afin d\u2019am\u00e9liorer l\u2019exp\u00e9rience sur notre site. L\u2019utilisation d\u2019un t\u00e9moin n\u2019est en aucun cas li\u00e9e \u00e0 des renseignements permettant d\u2019identifier une personne sur notre site.<\/p>\n\n\n\n<h2 class=\"wp-block-heading\"><strong>Partenaires<\/strong><\/h2>\n\n\n\n<p>Veuillez noter que nous faisons appel \u00e0 plusieurs partenaires tiers qui nous permettent de fournir des services pr\u00e9cis. Bien que nous puissions partager des donn\u00e9es d\u00e9mographiques g\u00e9n\u00e9rales agr\u00e9g\u00e9es avec ces partenaires, nous ne partagerons, ne louerons, ni ne vendrons les renseignements personnels que vous nous avez fournis.<\/p>\n\n\n\n<p>Nous ne sommes pas non plus personnellement responsables des achats ni des probl\u00e8mes connexes que vous pourriez \u00e9prouver en utilisant des services tiers ou en traitant avec FYidoctors.<\/p>\n\n\n\n<h2 class=\"wp-block-heading\"><strong>Liens<\/strong><\/h2>\n\n\n\n<p>Ce site Web contient des liens menant vers d\u2019autres sites. Sachez que nous ne sommes pas responsables du contenu ni des pratiques de confidentialit\u00e9 de ces autres sites. Nous encourageons nos utilisateurs \u00e0 \u00eatre attentifs lorsqu\u2019ils quittent notre site et \u00e0 lire les d\u00e9clarations de confidentialit\u00e9 de tout autre site qui recueille des renseignements permettant d\u2019identifier une personne.<\/p>\n\n\n\n<p>Cette politique de confidentialit\u00e9 a \u00e9t\u00e9 r\u00e9dig\u00e9e conform\u00e9ment aux lois provinciales et f\u00e9d\u00e9rales canadiennes. Pour de plus amples renseignements, veuillez nous envoyer un courriel \u00e0 l\u2019adresse suivante&nbsp;: <a href=\"mailto:info@fyidoctors.com\">info@fyidoctors.com<\/a>.<\/p>\n","protected":false},"excerpt":{"rendered":"La pr\u00e9sente politique de confidentialit\u00e9 expose les pratiques en mati\u00e8re de confidentialit\u00e9 pour fyidoctors.com et toutes les pages Web et tous les microsites associ\u00e9s. Cette politique de confidentialit\u00e9 s\u2019applique uniquement \u00e0 l\u2019information recueillie par ce site Web. Elle vous informe de ce qui suit&nbsp;: Quels renseignements permettant de vous identifier personnellement sont recueillis sur le&hellip;","protected":false},"author":1,"featured_media":476,"parent":0,"menu_order":0,"comment_status":"closed","ping_status":"open","template":"templates\/legal.php","meta":{"_acf_changed":false,"inline_featured_image":false,"footnotes":""},"class_list":["post-561","page","type-page","status-publish","has-post-thumbnail","hentry"],"acf":[],"yoast_head":"<!-- This site is optimized with the Yoast SEO Premium plugin v23.6 (Yoast SEO v24.3) - https:\/\/yoast.com\/wordpress\/plugins\/seo\/ -->\n<title>Politique de confidentialit\u00e9 - AI Webinar 2025<\/title>\n<meta name=\"robots\" content=\"index, follow, max-snippet:-1, max-image-preview:large, max-video-preview:-1\" \/>\n<link rel=\"canonical\" href=\"https:\/\/fyihealthgroup.com\/fr\/politique-de-confidentialite\/\" \/>\n<meta property=\"og:locale\" content=\"fr_FR\" \/>\n<meta property=\"og:type\" content=\"article\" \/>\n<meta property=\"og:title\" content=\"Politique de confidentialit\u00e9\" \/>\n<meta property=\"og:description\" content=\"La pr\u00e9sente politique de confidentialit\u00e9 expose les pratiques en mati\u00e8re de confidentialit\u00e9 pour fyidoctors.com et toutes les pages Web et tous les microsites associ\u00e9s. Cette politique de confidentialit\u00e9 s\u2019applique uniquement \u00e0 l\u2019information recueillie par ce site Web. Elle vous informe de ce qui suit&nbsp;: Quels renseignements permettant de vous identifier personnellement sont recueillis sur le&hellip;\" \/>\n<meta property=\"og:url\" content=\"https:\/\/fyihealthgroup.com\/fr\/politique-de-confidentialite\/\" \/>\n<meta property=\"og:site_name\" content=\"AI Webinar 2025\" \/>\n<meta property=\"article:publisher\" content=\"https:\/\/www.facebook.com\/FYidoctors\" \/>\n<meta property=\"article:modified_time\" content=\"2022-04-12T18:44:44+00:00\" \/>\n<meta property=\"og:image\" content=\"https:\/\/fyihealthgroup.com\/wp-content\/uploads\/2021\/11\/Screen-Shot-2021-03-29-at-9.35.44-AM.png\" \/>\n\t<meta property=\"og:image:width\" content=\"426\" \/>\n\t<meta property=\"og:image:height\" content=\"408\" \/>\n\t<meta property=\"og:image:type\" content=\"image\/png\" \/>\n<meta name=\"twitter:card\" content=\"summary_large_image\" \/>\n<meta name=\"twitter:site\" content=\"@FYidoctors\" \/>\n<meta name=\"twitter:label1\" content=\"Dur\u00e9e de lecture estim\u00e9e\" \/>\n\t<meta name=\"twitter:data1\" content=\"4 minutes\" \/>\n<script type=\"application\/ld+json\" class=\"yoast-schema-graph\">{\"@context\":\"https:\/\/schema.org\",\"@graph\":[{\"@type\":\"WebPage\",\"@id\":\"https:\/\/fyihealthgroup.com\/fr\/politique-de-confidentialite\/\",\"url\":\"https:\/\/fyihealthgroup.com\/fr\/politique-de-confidentialite\/\",\"name\":\"Politique de confidentialit\u00e9 - AI Webinar 2025\",\"isPartOf\":{\"@id\":\"https:\/\/fyihealthgroup.com\/#website\"},\"primaryImageOfPage\":{\"@id\":\"https:\/\/fyihealthgroup.com\/fr\/politique-de-confidentialite\/#primaryimage\"},\"image\":{\"@id\":\"https:\/\/fyihealthgroup.com\/fr\/politique-de-confidentialite\/#primaryimage\"},\"thumbnailUrl\":\"https:\/\/fyihealthgroup.com\/wp-content\/uploads\/2021\/11\/Screen-Shot-2021-03-29-at-9.35.44-AM.png\",\"datePublished\":\"2021-11-25T21:00:51+00:00\",\"dateModified\":\"2022-04-12T18:44:44+00:00\",\"breadcrumb\":{\"@id\":\"https:\/\/fyihealthgroup.com\/fr\/politique-de-confidentialite\/#breadcrumb\"},\"inLanguage\":\"fr-FR\",\"potentialAction\":[{\"@type\":\"ReadAction\",\"target\":[\"https:\/\/fyihealthgroup.com\/fr\/politique-de-confidentialite\/\"]}]},{\"@type\":\"ImageObject\",\"inLanguage\":\"fr-FR\",\"@id\":\"https:\/\/fyihealthgroup.com\/fr\/politique-de-confidentialite\/#primaryimage\",\"url\":\"https:\/\/fyihealthgroup.com\/wp-content\/uploads\/2021\/11\/Screen-Shot-2021-03-29-at-9.35.44-AM.png\",\"contentUrl\":\"https:\/\/fyihealthgroup.com\/wp-content\/uploads\/2021\/11\/Screen-Shot-2021-03-29-at-9.35.44-AM.png\",\"width\":426,\"height\":408},{\"@type\":\"BreadcrumbList\",\"@id\":\"https:\/\/fyihealthgroup.com\/fr\/politique-de-confidentialite\/#breadcrumb\",\"itemListElement\":[{\"@type\":\"ListItem\",\"position\":1,\"name\":\"Home\",\"item\":\"https:\/\/fyihealthgroup.com\/fr\/\"},{\"@type\":\"ListItem\",\"position\":2,\"name\":\"Politique de confidentialit\u00e9\"}]},{\"@type\":\"WebSite\",\"@id\":\"https:\/\/fyihealthgroup.com\/#website\",\"url\":\"https:\/\/fyihealthgroup.com\/\",\"name\":\"AI Webinar 2025\",\"description\":\"Your growth partner in health care, patient care, medical aesthetics and general eye care support\",\"publisher\":{\"@id\":\"https:\/\/fyihealthgroup.com\/#organization\"},\"potentialAction\":[{\"@type\":\"SearchAction\",\"target\":{\"@type\":\"EntryPoint\",\"urlTemplate\":\"https:\/\/fyihealthgroup.com\/?s={search_term_string}\"},\"query-input\":{\"@type\":\"PropertyValueSpecification\",\"valueRequired\":true,\"valueName\":\"search_term_string\"}}],\"inLanguage\":\"fr-FR\"},{\"@type\":\"Organization\",\"@id\":\"https:\/\/fyihealthgroup.com\/#organization\",\"name\":\"AI Webinar 2025\",\"url\":\"https:\/\/fyihealthgroup.com\/\",\"logo\":{\"@type\":\"ImageObject\",\"inLanguage\":\"fr-FR\",\"@id\":\"https:\/\/fyihealthgroup.com\/#\/schema\/logo\/image\/\",\"url\":\"https:\/\/fyihealthgroup.com\/wp-content\/uploads\/2022\/04\/FYihealth-group.png\",\"contentUrl\":\"https:\/\/fyihealthgroup.com\/wp-content\/uploads\/2022\/04\/FYihealth-group.png\",\"width\":1422,\"height\":478,\"caption\":\"AI Webinar 2025\"},\"image\":{\"@id\":\"https:\/\/fyihealthgroup.com\/#\/schema\/logo\/image\/\"},\"sameAs\":[\"https:\/\/www.facebook.com\/FYidoctors\",\"https:\/\/x.com\/FYidoctors\",\"https:\/\/ca.linkedin.com\/company\/fyidoctors?trk=similar-pages\",\"https:\/\/www.youtube.com\/user\/fyidoctors\"]}]}<\/script>\n<!-- \/ Yoast SEO Premium plugin. -->","yoast_head_json":{"title":"Politique de confidentialit\u00e9 - AI Webinar 2025","robots":{"index":"index","follow":"follow","max-snippet":"max-snippet:-1","max-image-preview":"max-image-preview:large","max-video-preview":"max-video-preview:-1"},"canonical":"https:\/\/fyihealthgroup.com\/fr\/politique-de-confidentialite\/","og_locale":"fr_FR","og_type":"article","og_title":"Politique de confidentialit\u00e9","og_description":"La pr\u00e9sente politique de confidentialit\u00e9 expose les pratiques en mati\u00e8re de confidentialit\u00e9 pour fyidoctors.com et toutes les pages Web et tous les microsites associ\u00e9s. Cette politique de confidentialit\u00e9 s\u2019applique uniquement \u00e0 l\u2019information recueillie par ce site Web. Elle vous informe de ce qui suit&nbsp;: Quels renseignements permettant de vous identifier personnellement sont recueillis sur le&hellip;","og_url":"https:\/\/fyihealthgroup.com\/fr\/politique-de-confidentialite\/","og_site_name":"AI Webinar 2025","article_publisher":"https:\/\/www.facebook.com\/FYidoctors","article_modified_time":"2022-04-12T18:44:44+00:00","og_image":[{"width":426,"height":408,"url":"https:\/\/fyihealthgroup.com\/wp-content\/uploads\/2021\/11\/Screen-Shot-2021-03-29-at-9.35.44-AM.png","type":"image\/png"}],"twitter_card":"summary_large_image","twitter_site":"@FYidoctors","twitter_misc":{"Dur\u00e9e de lecture estim\u00e9e":"4 minutes"},"schema":{"@context":"https:\/\/schema.org","@graph":[{"@type":"WebPage","@id":"https:\/\/fyihealthgroup.com\/fr\/politique-de-confidentialite\/","url":"https:\/\/fyihealthgroup.com\/fr\/politique-de-confidentialite\/","name":"Politique de confidentialit\u00e9 - AI Webinar 2025","isPartOf":{"@id":"https:\/\/fyihealthgroup.com\/#website"},"primaryImageOfPage":{"@id":"https:\/\/fyihealthgroup.com\/fr\/politique-de-confidentialite\/#primaryimage"},"image":{"@id":"https:\/\/fyihealthgroup.com\/fr\/politique-de-confidentialite\/#primaryimage"},"thumbnailUrl":"https:\/\/fyihealthgroup.com\/wp-content\/uploads\/2021\/11\/Screen-Shot-2021-03-29-at-9.35.44-AM.png","datePublished":"2021-11-25T21:00:51+00:00","dateModified":"2022-04-12T18:44:44+00:00","breadcrumb":{"@id":"https:\/\/fyihealthgroup.com\/fr\/politique-de-confidentialite\/#breadcrumb"},"inLanguage":"fr-FR","potentialAction":[{"@type":"ReadAction","target":["https:\/\/fyihealthgroup.com\/fr\/politique-de-confidentialite\/"]}]},{"@type":"ImageObject","inLanguage":"fr-FR","@id":"https:\/\/fyihealthgroup.com\/fr\/politique-de-confidentialite\/#primaryimage","url":"https:\/\/fyihealthgroup.com\/wp-content\/uploads\/2021\/11\/Screen-Shot-2021-03-29-at-9.35.44-AM.png","contentUrl":"https:\/\/fyihealthgroup.com\/wp-content\/uploads\/2021\/11\/Screen-Shot-2021-03-29-at-9.35.44-AM.png","width":426,"height":408},{"@type":"BreadcrumbList","@id":"https:\/\/fyihealthgroup.com\/fr\/politique-de-confidentialite\/#breadcrumb","itemListElement":[{"@type":"ListItem","position":1,"name":"Home","item":"https:\/\/fyihealthgroup.com\/fr\/"},{"@type":"ListItem","position":2,"name":"Politique de confidentialit\u00e9"}]},{"@type":"WebSite","@id":"https:\/\/fyihealthgroup.com\/#website","url":"https:\/\/fyihealthgroup.com\/","name":"AI Webinar 2025","description":"Your growth partner in health care, patient care, medical aesthetics and general eye care support","publisher":{"@id":"https:\/\/fyihealthgroup.com\/#organization"},"potentialAction":[{"@type":"SearchAction","target":{"@type":"EntryPoint","urlTemplate":"https:\/\/fyihealthgroup.com\/?s={search_term_string}"},"query-input":{"@type":"PropertyValueSpecification","valueRequired":true,"valueName":"search_term_string"}}],"inLanguage":"fr-FR"},{"@type":"Organization","@id":"https:\/\/fyihealthgroup.com\/#organization","name":"AI Webinar 2025","url":"https:\/\/fyihealthgroup.com\/","logo":{"@type":"ImageObject","inLanguage":"fr-FR","@id":"https:\/\/fyihealthgroup.com\/#\/schema\/logo\/image\/","url":"https:\/\/fyihealthgroup.com\/wp-content\/uploads\/2022\/04\/FYihealth-group.png","contentUrl":"https:\/\/fyihealthgroup.com\/wp-content\/uploads\/2022\/04\/FYihealth-group.png","width":1422,"height":478,"caption":"AI Webinar 2025"},"image":{"@id":"https:\/\/fyihealthgroup.com\/#\/schema\/logo\/image\/"},"sameAs":["https:\/\/www.facebook.com\/FYidoctors","https:\/\/x.com\/FYidoctors","https:\/\/ca.linkedin.com\/company\/fyidoctors?trk=similar-pages","https:\/\/www.youtube.com\/user\/fyidoctors"]}]}},"_links":{"self":[{"href":"https:\/\/fyihealthgroup.com\/fr\/wp-json\/wp\/v2\/pages\/561","targetHints":{"allow":["GET"]}}],"collection":[{"href":"https:\/\/fyihealthgroup.com\/fr\/wp-json\/wp\/v2\/pages"}],"about":[{"href":"https:\/\/fyihealthgroup.com\/fr\/wp-json\/wp\/v2\/types\/page"}],"author":[{"embeddable":true,"href":"https:\/\/fyihealthgroup.com\/fr\/wp-json\/wp\/v2\/users\/1"}],"replies":[{"embeddable":true,"href":"https:\/\/fyihealthgroup.com\/fr\/wp-json\/wp\/v2\/comments?post=561"}],"version-history":[{"count":3,"href":"https:\/\/fyihealthgroup.com\/fr\/wp-json\/wp\/v2\/pages\/561\/revisions"}],"predecessor-version":[{"id":1079,"href":"https:\/\/fyihealthgroup.com\/fr\/wp-json\/wp\/v2\/pages\/561\/revisions\/1079"}],"wp:featuredmedia":[{"embeddable":true,"href":"https:\/\/fyihealthgroup.com\/fr\/wp-json\/wp\/v2\/media\/476"}],"wp:attachment":[{"href":"https:\/\/fyihealthgroup.com\/fr\/wp-json\/wp\/v2\/media?parent=561"}],"curies":[{"name":"wp","href":"https:\/\/api.w.org\/{rel}","templated":true}]}}